{"id":3460,"date":"2023-06-19T13:33:35","date_gmt":"2023-06-19T10:33:35","guid":{"rendered":"https:\/\/www.marketingangels.lv\/engeli\/"},"modified":"2024-02-29T17:59:17","modified_gmt":"2024-02-29T15:59:17","slug":"angelai","status":"publish","type":"page","link":"https:\/\/www.marketingangels.lv\/lt\/angelai\/","title":{"rendered":"Angelai"},"content":{"rendered":"<p>Mes esame J\u016bs\u0173 \u012fmon\u0117s <strong>laisvai samdomas rinkodaros departamentas<\/strong> \u2013 J\u016bs\u0173 verslo angelai sargai. Mes padedame \u012fmon\u0117ms i\u0161skleisti sparnus, auk\u0161tesniam ir stipresniam skryd\u017eiui. Gra\u017e\u0173 ir saug\u0173 skryd\u012f garantuoja m\u016bs\u0173 patirtis vadovaujan\u010diose rinkodaros pozicijose tiek vietin\u0117se, tiek tarptautin\u0117se \u012fmon\u0117se, geb\u0117jimas pajusti m\u016bs\u0173 klient\u0173 poreikius, u\u017eburti tikrus stebuklus ir rasti tinkam\u0105 sprendim\u0105 net sud\u0117tingiausiose situacijose.<\/p>\n","protected":false},"excerpt":{"rendered":"<p>Mes esame J\u016bs\u0173 \u012fmon\u0117s laisvai samdomas rinkodaros departamentas \u2013 J\u016bs\u0173 verslo angelai sargai. Mes padedame \u012fmon\u0117ms i\u0161skleisti sparnus, auk\u0161tesniam ir stipresniam skryd\u017eiui. Gra\u017e\u0173 ir saug\u0173 skryd\u012f garantuoja m\u016bs\u0173 patirtis vadovaujan\u010diose rinkodaros pozicijose tiek vietin\u0117se, tiek tarptautin\u0117se \u012fmon\u0117se, geb\u0117jimas pajusti m\u016bs\u0173 klient\u0173 poreikius, u\u017eburti tikrus stebuklus ir rasti tinkam\u0105 sprendim\u0105 net sud\u0117tingiausiose situacijose.<\/p>\n","protected":false},"author":1,"featured_media":4176,"parent":0,"menu_order":0,"comment_status":"closed","ping_status":"closed","template":"about-us.php","meta":{"_acf_changed":false,"footnotes":""},"class_list":["post-3460","page","type-page","status-publish","has-post-thumbnail","hentry"],"acf":[],"_links":{"self":[{"href":"https:\/\/www.marketingangels.lv\/lt\/wp-json\/wp\/v2\/pages\/3460","targetHints":{"allow":["GET"]}}],"collection":[{"href":"https:\/\/www.marketingangels.lv\/lt\/wp-json\/wp\/v2\/pages"}],"about":[{"href":"https:\/\/www.marketingangels.lv\/lt\/wp-json\/wp\/v2\/types\/page"}],"author":[{"embeddable":true,"href":"https:\/\/www.marketingangels.lv\/lt\/wp-json\/wp\/v2\/users\/1"}],"replies":[{"embeddable":true,"href":"https:\/\/www.marketingangels.lv\/lt\/wp-json\/wp\/v2\/comments?post=3460"}],"version-history":[{"count":10,"href":"https:\/\/www.marketingangels.lv\/lt\/wp-json\/wp\/v2\/pages\/3460\/revisions"}],"predecessor-version":[{"id":5148,"href":"https:\/\/www.marketingangels.lv\/lt\/wp-json\/wp\/v2\/pages\/3460\/revisions\/5148"}],"wp:featuredmedia":[{"embeddable":true,"href":"https:\/\/www.marketingangels.lv\/lt\/wp-json\/wp\/v2\/media\/4176"}],"wp:attachment":[{"href":"https:\/\/www.marketingangels.lv\/lt\/wp-json\/wp\/v2\/media?parent=3460"}],"curies":[{"name":"wp","href":"https:\/\/api.w.org\/{rel}","templated":true}]}}