{"id":100,"date":"2023-05-31T04:35:16","date_gmt":"2023-05-31T01:35:16","guid":{"rendered":"https:\/\/www.marketingangels.lv\/?page_id=100"},"modified":"2025-01-22T15:46:06","modified_gmt":"2025-01-22T13:46:06","slug":"kontakti","status":"publish","type":"page","link":"https:\/\/www.marketingangels.lv\/lv\/kontakti\/","title":{"rendered":"Kontakti"},"content":{"rendered":"<p>Uzzini, cik izmaks\u0101s Tavas m\u0101rketinga aktivit\u0101tes. Izmanto m\u016bsu cenu kalkulatoru, lai apr\u0113\u0137in\u0101tu aptuvenas izmaksas.<\/p>\n","protected":false},"excerpt":{"rendered":"<p>Uzzini, cik izmaks\u0101s Tavas m\u0101rketinga aktivit\u0101tes. Izmanto m\u016bsu cenu kalkulatoru, lai apr\u0113\u0137in\u0101tu aptuvenas izmaksas.<\/p>\n","protected":false},"author":1,"featured_media":0,"parent":0,"menu_order":0,"comment_status":"closed","ping_status":"closed","template":"contacts.php","meta":{"_acf_changed":false,"footnotes":""},"class_list":["post-100","page","type-page","status-publish","hentry"],"acf":[],"_links":{"self":[{"href":"https:\/\/www.marketingangels.lv\/lv\/wp-json\/wp\/v2\/pages\/100","targetHints":{"allow":["GET"]}}],"collection":[{"href":"https:\/\/www.marketingangels.lv\/lv\/wp-json\/wp\/v2\/pages"}],"about":[{"href":"https:\/\/www.marketingangels.lv\/lv\/wp-json\/wp\/v2\/types\/page"}],"author":[{"embeddable":true,"href":"https:\/\/www.marketingangels.lv\/lv\/wp-json\/wp\/v2\/users\/1"}],"replies":[{"embeddable":true,"href":"https:\/\/www.marketingangels.lv\/lv\/wp-json\/wp\/v2\/comments?post=100"}],"version-history":[{"count":23,"href":"https:\/\/www.marketingangels.lv\/lv\/wp-json\/wp\/v2\/pages\/100\/revisions"}],"predecessor-version":[{"id":6080,"href":"https:\/\/www.marketingangels.lv\/lv\/wp-json\/wp\/v2\/pages\/100\/revisions\/6080"}],"wp:attachment":[{"href":"https:\/\/www.marketingangels.lv\/lv\/wp-json\/wp\/v2\/media?parent=100"}],"curies":[{"name":"wp","href":"https:\/\/api.w.org\/{rel}","templated":true}]}}