{"id":615,"date":"2023-06-19T13:33:35","date_gmt":"2023-06-19T10:33:35","guid":{"rendered":"https:\/\/www.marketingangels.lv\/?page_id=615"},"modified":"2024-07-29T16:35:11","modified_gmt":"2024-07-29T13:35:11","slug":"engeli","status":"publish","type":"page","link":"https:\/\/www.marketingangels.lv\/lv\/engeli\/","title":{"rendered":"E\u0146\u0123e\u013ci"},"content":{"rendered":"<p>M\u0113s esam j\u016bsu uz\u0146\u0113muma\u00a0<strong>\u0101r\u0161tata m\u0101rketinga departaments<\/strong>\u00a0\u2013 j\u016bsu biznesa sarge\u0146\u0123e\u013ci. M\u0113s pal\u012bdzam uz\u0146\u0113mumiem izplest sp\u0101rnus augst\u0101kam un sp\u0113c\u012bg\u0101kam lidojumam. Skaistu un dro\u0161u lidojumu garant\u0113 m\u016bsu pieredze vado\u0161os m\u0101rketinga amatos gan viet\u0113jos, gan starptautiskos uz\u0146\u0113mumos, m\u016bsu sp\u0113ja sajust m\u016bsu klientu vajadz\u012bbas, uzburt \u012bstus br\u012bnumus un atrast pareizo risin\u0101jumu pat sare\u017e\u0123\u012bt\u0101kaj\u0101m situ\u0101cij\u0101m.<\/p>\n","protected":false},"excerpt":{"rendered":"<p>M\u0113s esam j\u016bsu uz\u0146\u0113muma\u00a0\u0101r\u0161tata m\u0101rketinga departaments\u00a0\u2013 j\u016bsu biznesa sarge\u0146\u0123e\u013ci. M\u0113s pal\u012bdzam uz\u0146\u0113mumiem izplest sp\u0101rnus augst\u0101kam un sp\u0113c\u012bg\u0101kam lidojumam. Skaistu un dro\u0161u lidojumu garant\u0113 m\u016bsu pieredze vado\u0161os m\u0101rketinga amatos gan viet\u0113jos, gan starptautiskos uz\u0146\u0113mumos, m\u016bsu sp\u0113ja sajust m\u016bsu klientu vajadz\u012bbas, uzburt \u012bstus br\u012bnumus un atrast pareizo risin\u0101jumu pat sare\u017e\u0123\u012bt\u0101kaj\u0101m situ\u0101cij\u0101m.<\/p>\n","protected":false},"author":1,"featured_media":4174,"parent":0,"menu_order":0,"comment_status":"closed","ping_status":"closed","template":"about-us.php","meta":{"_acf_changed":false,"footnotes":""},"class_list":["post-615","page","type-page","status-publish","has-post-thumbnail","hentry"],"acf":[],"_links":{"self":[{"href":"https:\/\/www.marketingangels.lv\/lv\/wp-json\/wp\/v2\/pages\/615","targetHints":{"allow":["GET"]}}],"collection":[{"href":"https:\/\/www.marketingangels.lv\/lv\/wp-json\/wp\/v2\/pages"}],"about":[{"href":"https:\/\/www.marketingangels.lv\/lv\/wp-json\/wp\/v2\/types\/page"}],"author":[{"embeddable":true,"href":"https:\/\/www.marketingangels.lv\/lv\/wp-json\/wp\/v2\/users\/1"}],"replies":[{"embeddable":true,"href":"https:\/\/www.marketingangels.lv\/lv\/wp-json\/wp\/v2\/comments?post=615"}],"version-history":[{"count":20,"href":"https:\/\/www.marketingangels.lv\/lv\/wp-json\/wp\/v2\/pages\/615\/revisions"}],"predecessor-version":[{"id":5146,"href":"https:\/\/www.marketingangels.lv\/lv\/wp-json\/wp\/v2\/pages\/615\/revisions\/5146"}],"wp:featuredmedia":[{"embeddable":true,"href":"https:\/\/www.marketingangels.lv\/lv\/wp-json\/wp\/v2\/media\/4174"}],"wp:attachment":[{"href":"https:\/\/www.marketingangels.lv\/lv\/wp-json\/wp\/v2\/media?parent=615"}],"curies":[{"name":"wp","href":"https:\/\/api.w.org\/{rel}","templated":true}]}}