{"id":6441,"date":"2025-01-27T15:58:12","date_gmt":"2025-01-27T13:58:12","guid":{"rendered":"https:\/\/www.marketingangels.lv\/cart\/"},"modified":"2025-02-17T20:54:42","modified_gmt":"2025-02-17T18:54:42","slug":"grozs","status":"publish","type":"page","link":"https:\/\/www.marketingangels.lv\/lv\/grozs\/","title":{"rendered":"Grozs"},"content":{"rendered":"\r\n<div data-block-name=\"woocommerce\/cart\" class=\"wp-block-woocommerce-cart alignwide is-loading\">\r\n<div data-block-name=\"woocommerce\/filled-cart-block\" class=\"wp-block-woocommerce-filled-cart-block\">\r\n<div data-block-name=\"woocommerce\/cart-items-block\" class=\"wp-block-woocommerce-cart-items-block\">\r\n<div data-block-name=\"woocommerce\/cart-line-items-block\" class=\"wp-block-woocommerce-cart-line-items-block\">\u00a0<\/div>\r\n\r\n\r\n\r\n<div data-block-name=\"woocommerce\/cart-cross-sells-block\" class=\"wp-block-woocommerce-cart-cross-sells-block\">\r\n<h2 class=\"wp-block-heading has-large-font-size\">Tevi var\u0113tu interes\u0113t ar\u012b&#8230;<\/h2>\r\n\r\n\r\n\r\n<div data-block-name=\"woocommerce\/cart-cross-sells-products-block\" class=\"wp-block-woocommerce-cart-cross-sells-products-block\">\u00a0<\/div>\r\n<\/div>\r\n<\/div>\r\n\r\n\r\n\r\n<div data-block-name=\"woocommerce\/cart-totals-block\" class=\"wp-block-woocommerce-cart-totals-block\">\r\n<div data-block-name=\"woocommerce\/cart-order-summary-block\" class=\"wp-block-woocommerce-cart-order-summary-block\">\r\n<div data-block-name=\"woocommerce\/cart-order-summary-heading-block\" class=\"wp-block-woocommerce-cart-order-summary-heading-block\">\u00a0<\/div>\r\n\r\n\r\n\r\n<div data-block-name=\"woocommerce\/cart-order-summary-coupon-form-block\" class=\"wp-block-woocommerce-cart-order-summary-coupon-form-block\">\u00a0<\/div>\r\n\r\n\r\n\r\n\r\n\r\n\r\n\r\n\r\n\r\n\r\n\r\n\r\n\r\n\r\n\r\n\r\n\r\n\r\n\r\n<div data-block-name=\"woocommerce\/cart-order-summary-totals-block\" class=\"wp-block-woocommerce-cart-order-summary-totals-block\">\n<div data-block-name=\"woocommerce\/cart-order-summary-subtotal-block\" class=\"wp-block-woocommerce-cart-order-summary-subtotal-block\">\u00a0<\/div>\n<div data-block-name=\"woocommerce\/cart-order-summary-discount-block\" class=\"wp-block-woocommerce-cart-order-summary-discount-block\">\u00a0<\/div>\n<div data-block-name=\"woocommerce\/cart-order-summary-fee-block\" class=\"wp-block-woocommerce-cart-order-summary-fee-block\">\u00a0<\/div>\n<div data-block-name=\"woocommerce\/cart-order-summary-shipping-block\" class=\"wp-block-woocommerce-cart-order-summary-shipping-block\">\u00a0<\/div>\n<div data-block-name=\"woocommerce\/cart-order-summary-taxes-block\" class=\"wp-block-woocommerce-cart-order-summary-taxes-block\">\u00a0<\/div><\/div>\r\n<\/div>\r\n\r\n\r\n\r\n<div data-block-name=\"woocommerce\/cart-express-payment-block\" class=\"wp-block-woocommerce-cart-express-payment-block\">\u00a0<\/div>\r\n\r\n\r\n\r\n<div data-block-name=\"woocommerce\/proceed-to-checkout-block\" class=\"wp-block-woocommerce-proceed-to-checkout-block\">\u00a0<\/div>\r\n\r\n\r\n\r\n<div data-block-name=\"woocommerce\/cart-accepted-payment-methods-block\" class=\"wp-block-woocommerce-cart-accepted-payment-methods-block\">\u00a0<\/div>\r\n<\/div>\r\n<\/div>\r\n\r\n\r\n\r\n<div data-block-name=\"woocommerce\/empty-cart-block\" class=\"wp-block-woocommerce-empty-cart-block\">\r\n<h2 class=\"wp-block-heading has-text-align-center with-empty-cart-icon wc-block-cart__empty-cart__title\">Grozs ir tuk\u0161s.<\/h2>\r\n\r\n\r\n<hr class=\"wp-block-separator has-alpha-channel-opacity is-style-dots\" \/>\r\n\r\n\r\n<h2 class=\"wp-block-heading has-text-align-center\">Jaunumi<\/h2>\r\n\r\n\r\n<div data-block-name=\"woocommerce\/product-new\" data-columns=\"4\" data-rows=\"1\" class=\"wc-block-grid wp-block-product-new wp-block-woocommerce-product-new wc-block-product-new has-4-columns\"><ul class=\"wc-block-grid__products\"><li class=\"wc-block-grid__product\">\n\t\t\t\t<a href=\"https:\/\/www.marketingangels.lv\/lv\/produkts\/zimola-transformacijas-spele\/\" class=\"wc-block-grid__product-link\">\n\t\t\t\t\t\n\t\t\t\t\t<div class=\"wc-block-grid__product-image\"><img loading=\"lazy\" decoding=\"async\" width=\"300\" height=\"300\" src=\"https:\/\/www.marketingangels.lv\/wp-content\/uploads\/2025\/02\/4-2-2-300x300.png\" class=\"attachment-woocommerce_thumbnail size-woocommerce_thumbnail\" alt=\"Z\u012bmola transform\u0101cijas sp\u0113le\" srcset=\"https:\/\/www.marketingangels.lv\/wp-content\/uploads\/2025\/02\/4-2-2-300x300.png 300w, https:\/\/www.marketingangels.lv\/wp-content\/uploads\/2025\/02\/4-2-2-150x150.png 150w, https:\/\/www.marketingangels.lv\/wp-content\/uploads\/2025\/02\/4-2-2-100x100.png 100w\" sizes=\"auto, (max-width: 300px) 100vw, 300px\" \/><\/div>\n\t\t\t\t\t<div class=\"wc-block-grid__product-title\">Z\u012bmola transform\u0101cijas sp\u0113le<\/div>\n\t\t\t\t<\/a>\n\t\t\t\t<div class=\"wc-block-grid__product-price price\"><span class=\"woocommerce-Price-amount amount\">55,00&nbsp;<span class=\"woocommerce-Price-currencySymbol\">&euro;<\/span><\/span><\/div>\n\t\t\t\t\n\t\t\t\t<div class=\"wp-block-button wc-block-grid__product-add-to-cart\"><a href=\"\/lv\/wp-json\/wp\/v2\/pages\/6441?add-to-cart=6439\" aria-label=\"Pievienot grozam: \u201cZ\u012bmola transform\u0101cijas sp\u0113le\u201d\" data-quantity=\"1\" data-product_id=\"6439\" data-product_sku=\"\" data-price=\"55\" rel=\"nofollow\" class=\"wp-block-button__link  add_to_cart_button ajax_add_to_cart\">Pievienot grozam<\/a><\/div>\n\t\t\t<\/li><li class=\"wc-block-grid__product\">\n\t\t\t\t<a href=\"https:\/\/www.marketingangels.lv\/lv\/produkts\/vebinara-ieraksts-kapec-cola-ari-afrika-ir-cola-zimola-vizuala-identitate\/\" class=\"wc-block-grid__product-link\">\n\t\t\t\t\t\n\t\t\t\t\t<div class=\"wc-block-grid__product-image\"><img loading=\"lazy\" decoding=\"async\" width=\"300\" height=\"300\" src=\"https:\/\/www.marketingangels.lv\/wp-content\/uploads\/2025\/02\/3-300x300.png\" class=\"attachment-woocommerce_thumbnail size-woocommerce_thumbnail\" alt=\"Vebin\u0101ra ieraksts &quot;K\u0101p\u0113c Cola ar\u012b \u0100frik\u0101 ir Cola? Z\u012bmola vizu\u0101l\u0101 identit\u0101te&quot;\" srcset=\"https:\/\/www.marketingangels.lv\/wp-content\/uploads\/2025\/02\/3-300x300.png 300w, https:\/\/www.marketingangels.lv\/wp-content\/uploads\/2025\/02\/3-150x150.png 150w, https:\/\/www.marketingangels.lv\/wp-content\/uploads\/2025\/02\/3-100x100.png 100w\" sizes=\"auto, (max-width: 300px) 100vw, 300px\" \/><\/div>\n\t\t\t\t\t<div class=\"wc-block-grid__product-title\">Vebin\u0101ra ieraksts &#8220;K\u0101p\u0113c Cola ar\u012b \u0100frik\u0101 ir Cola? Z\u012bmola vizu\u0101l\u0101 identit\u0101te&#8221;<\/div>\n\t\t\t\t<\/a>\n\t\t\t\t<div class=\"wc-block-grid__product-price price\"><span class=\"woocommerce-Price-amount amount\">9,90&nbsp;<span class=\"woocommerce-Price-currencySymbol\">&euro;<\/span><\/span><\/div>\n\t\t\t\t\n\t\t\t\t<div class=\"wp-block-button wc-block-grid__product-add-to-cart\"><a href=\"\/lv\/wp-json\/wp\/v2\/pages\/6441?add-to-cart=6468\" aria-label=\"Pievienot grozam: \u201cVebin\u0101ra ieraksts &quot;K\u0101p\u0113c Cola ar\u012b \u0100frik\u0101 ir Cola? Z\u012bmola vizu\u0101l\u0101 identit\u0101te&quot;\u201d\" data-quantity=\"1\" data-product_id=\"6468\" data-product_sku=\"\" data-price=\"9.9\" rel=\"nofollow\" class=\"wp-block-button__link  add_to_cart_button ajax_add_to_cart\">Pievienot grozam<\/a><\/div>\n\t\t\t<\/li><li class=\"wc-block-grid__product\">\n\t\t\t\t<a href=\"https:\/\/www.marketingangels.lv\/lv\/produkts\/vebinara-ieraksts-zimols-autentiskums-personigas-vertibas\/\" class=\"wc-block-grid__product-link\">\n\t\t\t\t\t\n\t\t\t\t\t<div class=\"wc-block-grid__product-image\"><img loading=\"lazy\" decoding=\"async\" width=\"300\" height=\"300\" src=\"https:\/\/www.marketingangels.lv\/wp-content\/uploads\/2025\/02\/2-300x300.png\" class=\"attachment-woocommerce_thumbnail size-woocommerce_thumbnail\" alt=\"Vebin\u0101ra ieraksts &quot;Z\u012bmols. Autentiskums. Person\u012bg\u0101s v\u0113rt\u012bbas&quot;\" srcset=\"https:\/\/www.marketingangels.lv\/wp-content\/uploads\/2025\/02\/2-300x300.png 300w, https:\/\/www.marketingangels.lv\/wp-content\/uploads\/2025\/02\/2-150x150.png 150w, https:\/\/www.marketingangels.lv\/wp-content\/uploads\/2025\/02\/2-100x100.png 100w\" sizes=\"auto, (max-width: 300px) 100vw, 300px\" \/><\/div>\n\t\t\t\t\t<div class=\"wc-block-grid__product-title\">Vebin\u0101ra ieraksts &#8220;Z\u012bmols. Autentiskums. Person\u012bg\u0101s v\u0113rt\u012bbas&#8221;<\/div>\n\t\t\t\t<\/a>\n\t\t\t\t<div class=\"wc-block-grid__product-price price\"><span class=\"woocommerce-Price-amount amount\">9,90&nbsp;<span class=\"woocommerce-Price-currencySymbol\">&euro;<\/span><\/span><\/div>\n\t\t\t\t\n\t\t\t\t<div class=\"wp-block-button wc-block-grid__product-add-to-cart\"><a href=\"\/lv\/wp-json\/wp\/v2\/pages\/6441?add-to-cart=6469\" aria-label=\"Pievienot grozam: \u201cVebin\u0101ra ieraksts &quot;Z\u012bmols. Autentiskums. Person\u012bg\u0101s v\u0113rt\u012bbas&quot;\u201d\" data-quantity=\"1\" data-product_id=\"6469\" data-product_sku=\"\" data-price=\"9.9\" rel=\"nofollow\" class=\"wp-block-button__link  add_to_cart_button ajax_add_to_cart\">Pievienot grozam<\/a><\/div>\n\t\t\t<\/li><\/ul><\/div><\/div>\r\n<\/div>\r\n","protected":false},"excerpt":{"rendered":"","protected":false},"author":1,"featured_media":0,"parent":0,"menu_order":0,"comment_status":"closed","ping_status":"closed","template":"","meta":{"_acf_changed":false,"footnotes":""},"class_list":["post-6441","page","type-page","status-publish","hentry"],"acf":[],"_links":{"self":[{"href":"https:\/\/www.marketingangels.lv\/lv\/wp-json\/wp\/v2\/pages\/6441","targetHints":{"allow":["GET"]}}],"collection":[{"href":"https:\/\/www.marketingangels.lv\/lv\/wp-json\/wp\/v2\/pages"}],"about":[{"href":"https:\/\/www.marketingangels.lv\/lv\/wp-json\/wp\/v2\/types\/page"}],"author":[{"embeddable":true,"href":"https:\/\/www.marketingangels.lv\/lv\/wp-json\/wp\/v2\/users\/1"}],"replies":[{"embeddable":true,"href":"https:\/\/www.marketingangels.lv\/lv\/wp-json\/wp\/v2\/comments?post=6441"}],"version-history":[{"count":2,"href":"https:\/\/www.marketingangels.lv\/lv\/wp-json\/wp\/v2\/pages\/6441\/revisions"}],"predecessor-version":[{"id":6443,"href":"https:\/\/www.marketingangels.lv\/lv\/wp-json\/wp\/v2\/pages\/6441\/revisions\/6443"}],"wp:attachment":[{"href":"https:\/\/www.marketingangels.lv\/lv\/wp-json\/wp\/v2\/media?parent=6441"}],"curies":[{"name":"wp","href":"https:\/\/api.w.org\/{rel}","templated":true}]}}