{"id":95,"date":"2023-05-31T04:32:51","date_gmt":"2023-05-31T01:32:51","guid":{"rendered":"https:\/\/www.marketingangels.lv\/?page_id=95"},"modified":"2025-09-15T04:21:33","modified_gmt":"2025-09-15T01:21:33","slug":"pakalpojumi","status":"publish","type":"page","link":"https:\/\/www.marketingangels.lv\/lv\/pakalpojumi\/","title":{"rendered":"Pakalpojumi"},"content":{"rendered":"<p>M\u0113s esam j\u016bsu uz\u0146\u0113muma<strong>\u00a0\u0101r\u0161tata m\u0101rketinga departaments.<\/strong><\/p>\n<p>M\u016bsu komanda ar e\u0146\u0123e\u013cu vieglumu tiks gal\u0101 ar j\u016bsu biznesa un m\u0101rketinga izaicin\u0101jumiem, vienlaikus ietaupot j\u016bsu l\u012bdzek\u013cus.<\/p>\n","protected":false},"excerpt":{"rendered":"<p>M\u0113s esam j\u016bsu uz\u0146\u0113muma\u00a0\u0101r\u0161tata m\u0101rketinga departaments. M\u016bsu komanda ar e\u0146\u0123e\u013cu vieglumu tiks gal\u0101 ar j\u016bsu biznesa un m\u0101rketinga izaicin\u0101jumiem, vienlaikus ietaupot j\u016bsu l\u012bdzek\u013cus.<\/p>\n","protected":false},"author":1,"featured_media":460,"parent":0,"menu_order":0,"comment_status":"closed","ping_status":"closed","template":"services.php","meta":{"_acf_changed":false,"footnotes":""},"class_list":["post-95","page","type-page","status-publish","has-post-thumbnail","hentry"],"acf":[],"_links":{"self":[{"href":"https:\/\/www.marketingangels.lv\/lv\/wp-json\/wp\/v2\/pages\/95","targetHints":{"allow":["GET"]}}],"collection":[{"href":"https:\/\/www.marketingangels.lv\/lv\/wp-json\/wp\/v2\/pages"}],"about":[{"href":"https:\/\/www.marketingangels.lv\/lv\/wp-json\/wp\/v2\/types\/page"}],"author":[{"embeddable":true,"href":"https:\/\/www.marketingangels.lv\/lv\/wp-json\/wp\/v2\/users\/1"}],"replies":[{"embeddable":true,"href":"https:\/\/www.marketingangels.lv\/lv\/wp-json\/wp\/v2\/comments?post=95"}],"version-history":[{"count":14,"href":"https:\/\/www.marketingangels.lv\/lv\/wp-json\/wp\/v2\/pages\/95\/revisions"}],"predecessor-version":[{"id":7369,"href":"https:\/\/www.marketingangels.lv\/lv\/wp-json\/wp\/v2\/pages\/95\/revisions\/7369"}],"wp:featuredmedia":[{"embeddable":true,"href":"https:\/\/www.marketingangels.lv\/lv\/wp-json\/wp\/v2\/media\/460"}],"wp:attachment":[{"href":"https:\/\/www.marketingangels.lv\/lv\/wp-json\/wp\/v2\/media?parent=95"}],"curies":[{"name":"wp","href":"https:\/\/api.w.org\/{rel}","templated":true}]}}