{"id":6439,"date":"2025-02-13T20:41:48","date_gmt":"2025-02-13T18:41:48","guid":{"rendered":"https:\/\/www.marketingangels.lv\/?post_type=product&#038;p=6439"},"modified":"2025-02-17T18:28:08","modified_gmt":"2025-02-17T16:28:08","slug":"zimola-transformacijas-spele","status":"publish","type":"product","link":"https:\/\/www.marketingangels.lv\/lv\/produkts\/zimola-transformacijas-spele\/","title":{"rendered":"Z\u012bmola transform\u0101cijas sp\u0113le"},"content":{"rendered":"<p>Z\u012bmola transform\u0101cijas sp\u0113le\u00a0\u2013 rado\u0161s un aizraujo\u0161s veids, k\u0101 att\u012bst\u012bt\u00a0 z\u012bmolu vai biznesa procesus!<\/p>\n<p>\u0160\u012b sp\u0113le pal\u012bdz \u0123ener\u0113t jaunas idejas, uzlabot komandas sadarb\u012bbu un padzi\u013cin\u0101t izpratni par j\u016bsu uz\u0146\u0113muma vai z\u012bmola att\u012bst\u012bbu. Iesaistiet savu komandu un atkl\u0101jiet jaunus veidus, k\u0101 veiksm\u012bgi transform\u0113t savu biznesu!<\/p>\n<p>Sp\u0113les komplekt\u0101:<br \/>\n&#8211; 35 jaut\u0101jumu k\u0101rtis,<br \/>\n&#8211; 70 bil\u017eu k\u0101rtis,<br \/>\n&#8211; lieto\u0161anas pam\u0101c\u012bba.<\/p>\n","protected":false},"excerpt":{"rendered":"<p>Z\u012bmola transform\u0101cijas sp\u0113le\u00a0\u2013 rado\u0161s un aizraujo\u0161s veids, k\u0101 att\u012bst\u012bt\u00a0 z\u012bmolu vai biznesa procesus! \u0160\u012b sp\u0113le pal\u012bdz \u0123ener\u0113t jaunas idejas, uzlabot komandas sadarb\u012bbu un padzi\u013cin\u0101t izpratni par j\u016bsu uz\u0146\u0113muma vai z\u012bmola att\u012bst\u012bbu. Iesaistiet savu komandu un atkl\u0101jiet jaunus veidus, k\u0101 veiksm\u012bgi transform\u0113t savu biznesu! Sp\u0113les komplekt\u0101: &#8211; 35 jaut\u0101jumu k\u0101rtis, &#8211; 70 bil\u017eu k\u0101rtis, &#8211; lieto\u0161anas [&hellip;]<\/p>\n","protected":false},"featured_media":6487,"template":"","meta":{"_acf_changed":false},"product_brand":[],"product_cat":[],"product_tag":[],"class_list":{"0":"post-6439","1":"product","2":"type-product","3":"status-publish","4":"has-post-thumbnail","7":"first","8":"instock","9":"shipping-taxable","10":"purchasable","11":"product-type-simple"},"acf":[],"_links":{"self":[{"href":"https:\/\/www.marketingangels.lv\/lv\/wp-json\/wp\/v2\/product\/6439","targetHints":{"allow":["GET"]}}],"collection":[{"href":"https:\/\/www.marketingangels.lv\/lv\/wp-json\/wp\/v2\/product"}],"about":[{"href":"https:\/\/www.marketingangels.lv\/lv\/wp-json\/wp\/v2\/types\/product"}],"wp:featuredmedia":[{"embeddable":true,"href":"https:\/\/www.marketingangels.lv\/lv\/wp-json\/wp\/v2\/media\/6487"}],"wp:attachment":[{"href":"https:\/\/www.marketingangels.lv\/lv\/wp-json\/wp\/v2\/media?parent=6439"}],"wp:term":[{"taxonomy":"product_brand","embeddable":true,"href":"https:\/\/www.marketingangels.lv\/lv\/wp-json\/wp\/v2\/product_brand?post=6439"},{"taxonomy":"product_cat","embeddable":true,"href":"https:\/\/www.marketingangels.lv\/lv\/wp-json\/wp\/v2\/product_cat?post=6439"},{"taxonomy":"product_tag","embeddable":true,"href":"https:\/\/www.marketingangels.lv\/lv\/wp-json\/wp\/v2\/product_tag?post=6439"}],"curies":[{"name":"wp","href":"https:\/\/api.w.org\/{rel}","templated":true}]}}